{"id":1215,"date":"2024-05-28T12:49:43","date_gmt":"2024-05-28T11:49:43","guid":{"rendered":"https:\/\/picknicup.com\/faqs\/"},"modified":"2024-05-31T07:00:38","modified_gmt":"2024-05-31T06:00:38","slug":"faqs","status":"publish","type":"page","link":"https:\/\/picknicup.com\/en\/faqs\/","title":{"rendered":"FAQ&#8217;s"},"content":{"rendered":"[vc_row type=&#8221;in_container&#8221; full_screen_row_position=&#8221;middle&#8221; column_margin=&#8221;default&#8221; column_direction=&#8221;default&#8221; column_direction_tablet=&#8221;default&#8221; column_direction_phone=&#8221;default&#8221; scene_position=&#8221;center&#8221; text_color=&#8221;dark&#8221; text_align=&#8221;left&#8221; row_border_radius=&#8221;none&#8221; row_border_radius_applies=&#8221;bg&#8221; overflow=&#8221;visible&#8221; overlay_strength=&#8221;0.3&#8243; gradient_direction=&#8221;left_to_right&#8221; shape_divider_position=&#8221;bottom&#8221; bg_image_animation=&#8221;none&#8221;][vc_column column_padding=&#8221;no-extra-padding&#8221; column_padding_tablet=&#8221;inherit&#8221; column_padding_phone=&#8221;inherit&#8221; column_padding_position=&#8221;all&#8221; column_element_direction_desktop=&#8221;default&#8221; column_element_spacing=&#8221;default&#8221; desktop_text_alignment=&#8221;default&#8221; tablet_text_alignment=&#8221;default&#8221; phone_text_alignment=&#8221;default&#8221; background_color_opacity=&#8221;1&#8243; background_hover_color_opacity=&#8221;1&#8243; column_backdrop_filter=&#8221;none&#8221; column_shadow=&#8221;none&#8221; column_border_radius=&#8221;none&#8221; column_link_target=&#8221;_self&#8221; column_position=&#8221;default&#8221; gradient_direction=&#8221;left_to_right&#8221; overlay_strength=&#8221;0.3&#8243; width=&#8221;1\/1&#8243; tablet_width_inherit=&#8221;default&#8221; animation_type=&#8221;default&#8221; bg_image_animation=&#8221;none&#8221; border_type=&#8221;simple&#8221; column_border_width=&#8221;none&#8221; column_border_style=&#8221;solid&#8221;][vc_column_text text_direction=&#8221;default&#8221;]\n<h1>FAQ&#8217;s<\/h1>\n[\/vc_column_text][\/vc_column][\/vc_row][vc_row type=&#8221;in_container&#8221; full_screen_row_position=&#8221;middle&#8221; column_margin=&#8221;default&#8221; column_direction=&#8221;default&#8221; column_direction_tablet=&#8221;default&#8221; column_direction_phone=&#8221;default&#8221; scene_position=&#8221;center&#8221; text_color=&#8221;dark&#8221; text_align=&#8221;left&#8221; row_border_radius=&#8221;none&#8221; row_border_radius_applies=&#8221;bg&#8221; overflow=&#8221;visible&#8221; overlay_strength=&#8221;0.3&#8243; gradient_direction=&#8221;left_to_right&#8221; shape_divider_position=&#8221;bottom&#8221; bg_image_animation=&#8221;none&#8221;][vc_column column_padding=&#8221;no-extra-padding&#8221; column_padding_tablet=&#8221;inherit&#8221; column_padding_phone=&#8221;inherit&#8221; column_padding_position=&#8221;all&#8221; column_element_direction_desktop=&#8221;default&#8221; column_element_spacing=&#8221;default&#8221; desktop_text_alignment=&#8221;default&#8221; tablet_text_alignment=&#8221;default&#8221; phone_text_alignment=&#8221;default&#8221; background_color_opacity=&#8221;1&#8243; background_hover_color_opacity=&#8221;1&#8243; column_backdrop_filter=&#8221;none&#8221; column_shadow=&#8221;none&#8221; column_border_radius=&#8221;none&#8221; column_link_target=&#8221;_self&#8221; column_position=&#8221;default&#8221; gradient_direction=&#8221;left_to_right&#8221; overlay_strength=&#8221;0.3&#8243; width=&#8221;1\/1&#8243; tablet_width_inherit=&#8221;default&#8221; animation_type=&#8221;default&#8221; bg_image_animation=&#8221;none&#8221; border_type=&#8221;simple&#8221; column_border_width=&#8221;none&#8221; column_border_style=&#8221;solid&#8221;][toggles style=&#8221;default&#8221; border_radius=&#8221;none&#8221;][toggle color=&#8221;Default&#8221; heading_tag=&#8221;default&#8221; heading_tag_functionality=&#8221;default&#8221; title=&#8221;Where do you deliver?&#8221;][vc_column_text text_direction=&#8221;default&#8221;]We deliver in Palma, Calvi\u00e1, Andratx, Dei\u00e1, S\u00f3ller, Alar\u00f3, Lloseta, Binissalem, Santa Mar\u00eda, Algaida, Sa Cabaneta, P\u00f3rtol, Marratx\u00ed, Llucmajor, Inca, Esporles, Banyalbufar, Bunyola, Randa, Algaida, Montuiri, Porreres, Sa R\u00e1pita, Campos, Palmanyola, Puigpunyent, Sencelles, Biniali, Costitx, Sta. Eugenia. By entering the zip code in the shipping details when you complete the order, you will see the delivery amount that varies depending on the amount of the order and the delivery distance. If you need your order in a different location, you can contact us to see how we can do it.[\/vc_column_text][\/toggle][toggle color=&#8221;Default&#8221; heading_tag=&#8221;default&#8221; heading_tag_functionality=&#8221;default&#8221; title=&#8221;What is the delivery schedule?&#8221;][vc_column_text text_direction=&#8221;default&#8221;]You can select the time to delivery at checkout. Deliveries are made from 8:00 a.m. to 3:00 p.m. If you need your order at a different time, contact us to see if it is possible.[\/vc_column_text][\/toggle][toggle color=&#8221;Default&#8221; heading_tag=&#8221;default&#8221; heading_tag_functionality=&#8221;default&#8221; title=&#8221;It is possible to pick up the order?&#8221;][vc_column_text text_direction=&#8221;default&#8221;]Yes, it can be picked up in our place in Portals Nous for free. The address is Carretera de Andratx 43, Local 5 &#8211; 07181.[\/vc_column_text][\/toggle][toggle color=&#8221;Default&#8221; heading_tag=&#8221;default&#8221; heading_tag_functionality=&#8221;default&#8221; title=&#8221;Can I add a personalized message?&#8221;][vc_column_text text_direction=&#8221;default&#8221;]Yes, all orders can contain a personalized message. Please add it in the notes box at checkout.[\/vc_column_text][\/toggle][toggle color=&#8221;Default&#8221; heading_tag=&#8221;default&#8221; heading_tag_functionality=&#8221;default&#8221; title=&#8221;Do you have a gift card?&#8221;][vc_column_text text_direction=&#8221;default&#8221;]Yes, we can send you a gift voucher by email or have it printed at our place to pick it up. You have to place the order with your selection and specify in notes box at the end of the order that it is a gift voucher. Then write us an email to be@picknicup with the order number and we will send you the voucher. It can be used for one year.[\/vc_column_text][\/toggle][toggle color=&#8221;Default&#8221; heading_tag=&#8221;default&#8221; heading_tag_functionality=&#8221;default&#8221; title=&#8221;What happens if there is no one to recive the order at the time of delivery?&#8221;][vc_column_text text_direction=&#8221;default&#8221;]If we arrive at the delivery address and there is no one there, we call the contact numbers you provide us and wait a maximum of 10 minutes because we have to continue with the deliveries. If it can be left somewhere you tell us, we will leave it, otherwise we will take it back to our place and you will have to pick it up.[\/vc_column_text][\/toggle][toggle color=&#8221;Default&#8221; heading_tag=&#8221;default&#8221; heading_tag_functionality=&#8221;default&#8221; title=&#8221;What is the best way to preserve my product once it is received?&#8221;][vc_column_text text_direction=&#8221;default&#8221;]The ideal is to eat it as soon as possible after receiving it. It is important that it does not get sun or heat. It should be kept in a cool place or refrigerator.[\/vc_column_text][\/toggle][toggle color=&#8221;Default&#8221; heading_tag=&#8221;default&#8221; heading_tag_functionality=&#8221;default&#8221; title=&#8221;Where is the food made?&#8221;][vc_column_text text_direction=&#8221;default&#8221;]Our kitchen is in Portals Nous. Everything is homemade and we use a minimum of processed products and we give a lot of importance to the ingredients.[\/vc_column_text][\/toggle][toggle color=&#8221;Default&#8221; heading_tag=&#8221;default&#8221; heading_tag_functionality=&#8221;default&#8221; title=&#8221;Do you have gluten-free products?&#8221;][vc_column_text text_direction=&#8221;default&#8221;]We have products that do not contain gluten naturally, but all of them may contain traces of gluten since we make everything in the same kitchen space without differentiation of ovens or utensils.[\/vc_column_text][\/toggle][toggle color=&#8221;Default&#8221; heading_tag=&#8221;default&#8221; heading_tag_functionality=&#8221;default&#8221; title=&#8221;How much time in advance do I have to place the order?&#8221;][vc_column_text text_direction=&#8221;default&#8221;]Orders are made with a minimum of 72 hours, but as you can schedule it at the end of the purchase process, we recommend doing it as soon as possible to ensure the day and to help us in our organization. If you need something with less than 72 hours, you can contact us to see if there is a possibility of doing it.[\/vc_column_text][\/toggle][toggle color=&#8221;Default&#8221; heading_tag=&#8221;default&#8221; heading_tag_functionality=&#8221;default&#8221; title=&#8221;Do you deliver every day of the week?&#8221;][vc_column_text text_direction=&#8221;default&#8221;]Yes.[\/vc_column_text][\/toggle][toggle color=&#8221;Default&#8221; heading_tag=&#8221;default&#8221; heading_tag_functionality=&#8221;default&#8221; title=&#8221;What is the minimum order?&#8221;][vc_column_text text_direction=&#8221;default&#8221;]The minimum order is 37,50\u20ac.[\/vc_column_text][\/toggle][toggle color=&#8221;Default&#8221; heading_tag=&#8221;default&#8221; heading_tag_functionality=&#8221;default&#8221; title=&#8221;Do you accept returns?&#8221;][vc_column_text text_direction=&#8221;default&#8221;]We do not accept returns. As it is a fresh product, we cannot accept it back once delivered. Up to 15 days before delivery you can cancel the order and we will refund the amount.[\/vc_column_text][\/toggle][toggle color=&#8221;Default&#8221; heading_tag=&#8221;default&#8221; heading_tag_functionality=&#8221;default&#8221; title=&#8221;What do I do if I need an invoice?&#8221;][vc_column_text text_direction=&#8221;default&#8221;]Write to us at be@picknicup.com with your order number and billing information and we will send you the invoice.[\/vc_column_text][\/toggle][toggle color=&#8221;Default&#8221; heading_tag=&#8221;default&#8221; heading_tag_functionality=&#8221;default&#8221; title=&#8221;What containers do you use?&#8221;][vc_column_text text_direction=&#8221;default&#8221;]Most of our packaging is biodegradable or recyclable kraft cardboard food packaging. The bottles and the transparent part of the large boxes are biodegradable from corn starch (PLA).[\/vc_column_text][\/toggle][toggle color=&#8221;Default&#8221; heading_tag=&#8221;default&#8221; heading_tag_functionality=&#8221;default&#8221; title=&#8221;Do I have to buy kitchenware or cutlery to consume it?&#8221;][vc_column_text text_direction=&#8221;default&#8221;]The idea of \u200b\u200bPicknicup is that all our food is easy to eat, which is why most of the products are bite-sized. Each box contains everything necessary to consume it, depending on what is inside, cutlery, glasses, chopsticks are added&#8230; What they always carry are enough napkins for the diners. If you want it to be served on plates, you must add an individual kit per person as an extra.[\/vc_column_text][\/toggle][\/toggles][\/vc_column][\/vc_row][vc_row type=&#8221;in_container&#8221; full_screen_row_position=&#8221;middle&#8221; column_margin=&#8221;default&#8221; column_direction=&#8221;default&#8221; column_direction_tablet=&#8221;default&#8221; column_direction_phone=&#8221;default&#8221; scene_position=&#8221;center&#8221; text_color=&#8221;dark&#8221; text_align=&#8221;left&#8221; row_border_radius=&#8221;none&#8221; row_border_radius_applies=&#8221;bg&#8221; overflow=&#8221;visible&#8221; overlay_strength=&#8221;0.3&#8243; gradient_direction=&#8221;left_to_right&#8221; shape_divider_position=&#8221;bottom&#8221; bg_image_animation=&#8221;none&#8221;][vc_column column_padding=&#8221;no-extra-padding&#8221; column_padding_tablet=&#8221;inherit&#8221; column_padding_phone=&#8221;inherit&#8221; column_padding_position=&#8221;all&#8221; column_element_direction_desktop=&#8221;default&#8221; column_element_spacing=&#8221;default&#8221; desktop_text_alignment=&#8221;default&#8221; tablet_text_alignment=&#8221;default&#8221; phone_text_alignment=&#8221;default&#8221; background_color_opacity=&#8221;1&#8243; background_hover_color_opacity=&#8221;1&#8243; column_backdrop_filter=&#8221;none&#8221; column_shadow=&#8221;none&#8221; column_border_radius=&#8221;none&#8221; column_link_target=&#8221;_self&#8221; column_position=&#8221;default&#8221; gradient_direction=&#8221;left_to_right&#8221; overlay_strength=&#8221;0.3&#8243; width=&#8221;1\/1&#8243; tablet_width_inherit=&#8221;default&#8221; animation_type=&#8221;default&#8221; bg_image_animation=&#8221;none&#8221; border_type=&#8221;simple&#8221; column_border_width=&#8221;none&#8221; column_border_style=&#8221;solid&#8221;][divider line_type=&#8221;No Line&#8221; custom_height=&#8221;150&#8243;][\/vc_column][\/vc_row]\n","protected":false},"excerpt":{"rendered":"<p>[vc_row type=&#8221;in_container&#8221; full_screen_row_position=&#8221;middle&#8221; column_margin=&#8221;default&#8221; column_direction=&#8221;default&#8221; column_direction_tablet=&#8221;default&#8221; column_direction_phone=&#8221;default&#8221; scene_position=&#8221;center&#8221; text_color=&#8221;dark&#8221; text_align=&#8221;left&#8221; row_border_radius=&#8221;none&#8221; row_border_radius_applies=&#8221;bg&#8221; overflow=&#8221;visible&#8221; overlay_strength=&#8221;0.3&#8243; gradient_direction=&#8221;left_to_right&#8221; shape_divider_position=&#8221;bottom&#8221; bg_image_animation=&#8221;none&#8221;][vc_column column_padding=&#8221;no-extra-padding&#8221; column_padding_tablet=&#8221;inherit&#8221; column_padding_phone=&#8221;inherit&#8221; column_padding_position=&#8221;all&#8221; column_element_direction_desktop=&#8221;default&#8221; column_element_spacing=&#8221;default&#8221; desktop_text_alignment=&#8221;default&#8221; tablet_text_alignment=&#8221;default&#8221; phone_text_alignment=&#8221;default&#8221; background_color_opacity=&#8221;1&#8243; background_hover_color_opacity=&#8221;1&#8243; column_backdrop_filter=&#8221;none&#8221; column_shadow=&#8221;none&#8221;&#8230;<\/p>\n","protected":false},"author":1,"featured_media":0,"parent":0,"menu_order":0,"comment_status":"closed","ping_status":"closed","template":"","meta":{"rank_math_lock_modified_date":false,"inline_featured_image":false,"footnotes":""},"_links":{"self":[{"href":"https:\/\/picknicup.com\/en\/wp-json\/wp\/v2\/pages\/1215"}],"collection":[{"href":"https:\/\/picknicup.com\/en\/wp-json\/wp\/v2\/pages"}],"about":[{"href":"https:\/\/picknicup.com\/en\/wp-json\/wp\/v2\/types\/page"}],"author":[{"embeddable":true,"href":"https:\/\/picknicup.com\/en\/wp-json\/wp\/v2\/users\/1"}],"replies":[{"embeddable":true,"href":"https:\/\/picknicup.com\/en\/wp-json\/wp\/v2\/comments?post=1215"}],"version-history":[{"count":4,"href":"https:\/\/picknicup.com\/en\/wp-json\/wp\/v2\/pages\/1215\/revisions"}],"predecessor-version":[{"id":1238,"href":"https:\/\/picknicup.com\/en\/wp-json\/wp\/v2\/pages\/1215\/revisions\/1238"}],"wp:attachment":[{"href":"https:\/\/picknicup.com\/en\/wp-json\/wp\/v2\/media?parent=1215"}],"curies":[{"name":"wp","href":"https:\/\/api.w.org\/{rel}","templated":true}]}}